{"id":312,"date":"2012-03-11T01:07:44","date_gmt":"2012-03-11T01:07:44","guid":{"rendered":"http:\/\/www.mdegeer.be\/Mikael\/?page_id=312"},"modified":"2026-04-13T12:03:53","modified_gmt":"2026-04-13T12:03:53","slug":"defre","status":"publish","type":"page","link":"http:\/\/www.mdegeer.be\/Mikael\/defre\/","title":{"rendered":"Enseignant"},"content":{"rendered":"<h3 style=\"text-align: justify;\">Enseigner c&rsquo;est influencer une vie pour toujours.<\/h3>\n<p>J&rsquo;ai travaill\u00e9 comme maitre-assistant \u00e0 la Haute Ecole Bruxelles-Brabant entre 2007 et 2021 avant d&rsquo;y devenir directeur de d\u00e9partement. Professeur de TIC et d&rsquo;informatique, j&rsquo;ai dispers\u00e9 mon savoir et mon exp\u00e9rience au pr\u00e8s de futurs enseignants et \u00e9ducateurs au travers de nombreux cours et d&rsquo;activit\u00e9s d&rsquo;int\u00e9gration p\u00e9dagogiques..<\/p>\n<p style=\"text-align: justify;\">Je vous invite \u00e0 d\u00e9couvrir les travaux de mes \u00e9tudiants en TIC aux adresses suivantes :<\/p>\n<p style=\"text-align: justify;\"><a href=\"https:\/\/ortho1920.wordpress.com\/\">https:\/\/ortho1920.wordpress.com\/<\/a><\/p>\n<p style=\"text-align: justify;\"><a href=\"https:\/\/ortho1819.wordpress.com\/\">https:\/\/ortho1819.wordpress.com\/<\/a><\/p>\n<p style=\"text-align: justify;\"><a href=\"https:\/\/recueillortho1718.wordpress.com\/\">https:\/\/recueillortho1718.wordpress.com\/<\/a><\/p>\n<p style=\"text-align: justify;\"><a href=\"https:\/\/ortho1617.wordpress.com\/\">https:\/\/ortho1617.wordpress.com\/<\/a><a href=\"https:\/\/ortho1819.wordpress.com\/\"><br \/>\n<\/a><\/p>\n<p style=\"text-align: justify;\"><a href=\"http:\/\/eamtic20152016.wordpress.com\" target=\"_blank\" rel=\"noopener\"><cite>eamtic20152016.wordpress.com<\/cite><\/a><\/p>\n<p style=\"text-align: justify;\"><a href=\"http:\/\/eamtic20142015.wordpress.com\" target=\"_blank\" rel=\"noopener\"><cite>eamtic20142015.wordpress.com<\/cite><\/a><\/p>\n<p style=\"text-align: justify;\"><a href=\"http:\/\/eamtic20132014.wordpress.com\" target=\"_blank\" rel=\"noopener\"><cite>eamtic20132014.wordpress.com<\/cite><\/a><\/p>\n<p style=\"text-align: justify;\"><a href=\"http:\/\/eamtic20122013.wordpress.com\" target=\"_blank\" rel=\"noopener\"><cite>eamtic20122013.wordpress.com<\/cite><\/a><\/p>\n<p style=\"text-align: justify;\"><a href=\"http:\/\/eamtic20112012.wordpress.com\" target=\"_blank\" rel=\"noopener\"><cite>eamtic20112012.wordpress.com<\/cite><\/a><cite><\/cite><\/p>\n","protected":false},"excerpt":{"rendered":"<p>Enseigner c&rsquo;est influencer une vie pour toujours. J&rsquo;ai travaill\u00e9 comme maitre-assistant \u00e0 la Haute Ecole Bruxelles-Brabant entre 2007 et 2021 avant d&rsquo;y devenir directeur de d\u00e9partement. Professeur de TIC et d&rsquo;informatique, j&rsquo;ai dispers\u00e9 mon savoir et mon exp\u00e9rience au pr\u00e8s de futurs enseignants et \u00e9ducateurs au travers de nombreux cours et d&rsquo;activit\u00e9s d&rsquo;int\u00e9gration p\u00e9dagogiques.. Je [&hellip;]<\/p>\n","protected":false},"author":1,"featured_media":0,"parent":0,"menu_order":0,"comment_status":"closed","ping_status":"open","template":"","meta":[],"_links":{"self":[{"href":"http:\/\/www.mdegeer.be\/Mikael\/wp-json\/wp\/v2\/pages\/312"}],"collection":[{"href":"http:\/\/www.mdegeer.be\/Mikael\/wp-json\/wp\/v2\/pages"}],"about":[{"href":"http:\/\/www.mdegeer.be\/Mikael\/wp-json\/wp\/v2\/types\/page"}],"author":[{"embeddable":true,"href":"http:\/\/www.mdegeer.be\/Mikael\/wp-json\/wp\/v2\/users\/1"}],"replies":[{"embeddable":true,"href":"http:\/\/www.mdegeer.be\/Mikael\/wp-json\/wp\/v2\/comments?post=312"}],"version-history":[{"count":18,"href":"http:\/\/www.mdegeer.be\/Mikael\/wp-json\/wp\/v2\/pages\/312\/revisions"}],"predecessor-version":[{"id":876,"href":"http:\/\/www.mdegeer.be\/Mikael\/wp-json\/wp\/v2\/pages\/312\/revisions\/876"}],"wp:attachment":[{"href":"http:\/\/www.mdegeer.be\/Mikael\/wp-json\/wp\/v2\/media?parent=312"}],"curies":[{"name":"wp","href":"https:\/\/api.w.org\/{rel}","templated":true}]}}