{"id":598,"date":"2016-11-29T12:26:06","date_gmt":"2016-11-29T12:26:06","guid":{"rendered":"http:\/\/www.mdegeer.be\/Mikael\/?page_id=598"},"modified":"2022-08-22T07:34:51","modified_gmt":"2022-08-22T07:34:51","slug":"conferencier-formateur-tic","status":"publish","type":"page","link":"http:\/\/www.mdegeer.be\/Mikael\/conferencier-formateur-tic\/","title":{"rendered":"Conf\u00e9rencier &#8211; Formateur Num\u00e9rique"},"content":{"rendered":"<p>D\u00e9couvrez <a href=\"http:\/\/www.mdegeer.be\/Mikael\/resume-style\/\">ici<\/a> la liste de mes interventions dans le domaine du num\u00e9rique \u00e9ducatif mais sachez que je peux m&rsquo;adapter \u00e0 toute demande !<\/p>\n<p>Un coup de fil ne coute rien&#8230; au pire, je vous renseignerai la bonne personne et au mieux on se fixera un rendez-vous pour analyser au mieux vos besoins.<\/p>\n<p>Degeer Mikael<br \/>\n+32 496 20 70 80<br \/>\nmikaeldegeer@gmail.com<\/p>\n","protected":false},"excerpt":{"rendered":"<p>D\u00e9couvrez ici la liste de mes interventions dans le domaine du num\u00e9rique \u00e9ducatif mais sachez que je peux m&rsquo;adapter \u00e0 toute demande ! Un coup de fil ne coute rien&#8230; au pire, je vous renseignerai la bonne personne et au mieux on se fixera un rendez-vous pour analyser au mieux vos besoins. Degeer Mikael +32 [&hellip;]<\/p>\n","protected":false},"author":1,"featured_media":0,"parent":0,"menu_order":0,"comment_status":"closed","ping_status":"open","template":"","meta":[],"_links":{"self":[{"href":"http:\/\/www.mdegeer.be\/Mikael\/wp-json\/wp\/v2\/pages\/598"}],"collection":[{"href":"http:\/\/www.mdegeer.be\/Mikael\/wp-json\/wp\/v2\/pages"}],"about":[{"href":"http:\/\/www.mdegeer.be\/Mikael\/wp-json\/wp\/v2\/types\/page"}],"author":[{"embeddable":true,"href":"http:\/\/www.mdegeer.be\/Mikael\/wp-json\/wp\/v2\/users\/1"}],"replies":[{"embeddable":true,"href":"http:\/\/www.mdegeer.be\/Mikael\/wp-json\/wp\/v2\/comments?post=598"}],"version-history":[{"count":7,"href":"http:\/\/www.mdegeer.be\/Mikael\/wp-json\/wp\/v2\/pages\/598\/revisions"}],"predecessor-version":[{"id":764,"href":"http:\/\/www.mdegeer.be\/Mikael\/wp-json\/wp\/v2\/pages\/598\/revisions\/764"}],"wp:attachment":[{"href":"http:\/\/www.mdegeer.be\/Mikael\/wp-json\/wp\/v2\/media?parent=598"}],"curies":[{"name":"wp","href":"https:\/\/api.w.org\/{rel}","templated":true}]}}